{"id":87,"date":"2015-10-22T03:17:26","date_gmt":"2015-10-22T03:17:26","guid":{"rendered":"http:\/\/demo.thimpress.com\/eduma\/?page_id=87"},"modified":"2026-03-27T12:41:02","modified_gmt":"2026-03-27T12:41:02","slug":"contactos","status":"publish","type":"page","link":"https:\/\/metaveirotestes.site\/pt\/contactos\/","title":{"rendered":"Contactos"},"content":{"rendered":"<div data-elementor-type=\"wp-post\" data-elementor-id=\"87\" class=\"elementor elementor-87\" data-elementor-post-type=\"page\">\n\t\t\t\t\t\t<section class=\"elementor-section elementor-top-section elementor-element elementor-element-f0a57a2 elementor-section-height-min-height elementor-section-stretched elementor-section-boxed elementor-section-height-default elementor-section-items-middle\" data-id=\"f0a57a2\" data-element_type=\"section\" data-e-type=\"section\" data-settings=\"{&quot;stretch_section&quot;:&quot;section-stretched&quot;,&quot;background_background&quot;:&quot;classic&quot;}\">\n\t\t\t\t\t\t<div class=\"elementor-container elementor-column-gap-custom\">\n\t\t\t\t\t<div class=\"elementor-column elementor-col-100 elementor-top-column elementor-element elementor-element-499c87a\" data-id=\"499c87a\" data-element_type=\"column\" data-e-type=\"column\">\n\t\t\t<div class=\"elementor-widget-wrap elementor-element-populated\">\n\t\t\t\t\t\t<div class=\"elementor-element elementor-element-7a68258 elementor-widget elementor-widget-thim-ekits-breadcrumb\" data-id=\"7a68258\" data-element_type=\"widget\" data-e-type=\"widget\" data-widget_type=\"thim-ekits-breadcrumb.default\">\n\t\t\t\t<div class=\"elementor-widget-container\">\n\t\t\t\t\t\n\t\t\t<div class=\"thim-ekit-breadcrumb\">\n\n\t\t\t\tHome\n\t\t\t<\/div>\n\n\t\t\t\t\t\t\t<\/div>\n\t\t\t\t<\/div>\n\t\t\t\t\t<\/div>\n\t\t<\/div>\n\t\t\t\t\t<\/div>\n\t\t<\/section>\n\t\t<div class=\"elementor-element elementor-element-15ab098 e-flex e-con-boxed e-con e-parent\" data-id=\"15ab098\" data-element_type=\"container\" data-e-type=\"container\">\n\t\t\t\t\t<div class=\"e-con-inner\">\n\t\t\t\t<div class=\"elementor-element elementor-element-a85857c elementor-widget elementor-widget-html\" data-id=\"a85857c\" data-element_type=\"widget\" data-e-type=\"widget\" data-widget_type=\"html.default\">\n\t\t\t\t\t<div class=\"mv7-contact-page\">\n    \n    <!-- 1. HERO SECTION -->\n    <div class=\"mv7-contact-hero\">\n        <span class=\"mv7-tag\">Estamos aqui para ajudar<\/span>\n        <h1>Entre em Contacto Connosco<\/h1>\n        <p>Tire as suas d\u00favidas sobre as nossas forma\u00e7\u00f5es ou solicite um or\u00e7amento personalizado para a sua empresa.<\/p>\n    <\/div>\n\n    <!-- 2. FORM SECTION (CENTRADADA) -->\n    <div class=\"mv7-form-wrapper\">\n        <div class=\"mv7-form-section\">\n            <div class=\"mv7-section-header text-center\">\n                <span class=\"mv7-subtitle\">COLOQUE AS SUAS QUEST\u00d5ES<\/span>\n                <h2>Contacte-nos agora<\/h2>\n            <\/div>\n\n            <form class=\"mv7-premium-form\" action=\"\">\n                <div class=\"mv7-form-row\">\n                    <div class=\"mv7-form-group\">\n                        <label>Nome Completo<\/label>\n                        <input type=\"text\" placeholder=\"Ex: Jo\u00e3o Silva\" required>\n                    <\/div>\n                    <div class=\"mv7-form-group\">\n                        <label>Email Profissional<\/label>\n                        <input type=\"email\" placeholder=\"exemplo@email.com\" required>\n                    <\/div>\n                <\/div>\n                \n                <div class=\"mv7-form-group\">\n                    <label>Assunto<\/label>\n                    <select required>\n                        <option value=\"\" disabled selected>Selecione uma op\u00e7\u00e3o<\/option>\n                        <option value=\"inscricao\">Inscri\u00e7\u00e3o em Forma\u00e7\u00e3o<\/option>\n                        <option value=\"certificados\">Certificados<\/option>\n                        <option value=\"empresas\">Forma\u00e7\u00e3o para Empresas<\/option>\n                        <option value=\"outros\">Outros Assuntos<\/option>\n                    <\/select>\n                <\/div>\n\n                <div class=\"mv7-form-group\">\n                    <label>A sua Mensagem<\/label>\n                    <textarea rows=\"5\" placeholder=\"Como podemos ajudar?\"><\/textarea>\n                <\/div>\n\n                <button type=\"submit\" class=\"mv7-submit-btn\">\n                    <span>Enviar Mensagem<\/span>\n                    <svg viewbox=\"0 0 24 24\" width=\"18\" height=\"18\"><path fill=\"currentColor\" d=\"M2.01 21L23 12 2.01 3 2 10l15 2-15 2z\"\/><\/svg>\n                <\/button>\n            <input type=\"hidden\" name=\"trp-form-language\" value=\"pt\"\/><\/form>\n        <\/div>\n    <\/div>\n\n    <!-- 3. INFO CARDS -->\n    <div class=\"mv7-info-cards\">\n        <div class=\"mv7-info-card\">\n            <div class=\"card-icon\">\n                <svg viewbox=\"0 0 24 24\"><path fill=\"currentColor\" d=\"M6.62 10.79c1.44 2.82 2.62 4.26 5.44 5.7l2.2-2.2c.27-.27.67-.36 1.02-.24 1.12.37 2.33.57 3.57.57.55 0 1 .45 1 1V20c0 .55-.45 1-1 1-9.39 0-17-7.61-17-17 0-.55.45-1 1-1h3.5c.55 0 1 .45 1 1 0 1.25.2 2.45.57 3.57.11.35.03.74-.25 1.02l-2.2 2.2z\"\/><\/svg>\n            <\/div>\n            <h3>Telefone<\/h3>\n            <p>300 400 222<\/p>\n            <span>Chamada para rede fixa nacional<\/span>\n        <\/div>\n        <div class=\"mv7-info-card\">\n            <div class=\"card-icon\">\n                <svg viewbox=\"0 0 24 24\"><path fill=\"currentColor\" d=\"M20 4H4c-1.1 0-1.99.9-1.99 2L2 18c0 1.1.9 2 2 2h16c1.1 0 2-.9 2-2V6c0-1.1-.9-2-2-2zm0 4l-8 5-8-5V6l8 5 8-5v2z\"\/><\/svg>\n            <\/div>\n            <h3>Email<\/h3>\n            <p>geral@metaveiro.pt<\/p>\n            <span>Resposta em menos de 24h<\/span>\n        <\/div>\n        <div class=\"mv7-info-card\">\n            <div class=\"card-icon\">\n                <svg viewbox=\"0 0 24 24\"><path fill=\"currentColor\" d=\"M12 2C8.13 2 5 5.13 5 9c0 5.25 7 13 7 13s7-7.75 7-13c0-3.87-3.13-7-7-7zm0 9.5c-1.38 0-2.5-1.12-2.5-2.5s1.12-2.5 2.5-2.5 2.5 1.12 2.5 2.5-1.12 2.5-2.5 2.5z\"\/><\/svg>\n            <\/div>\n            <h3>Localiza\u00e7\u00e3o<\/h3>\n            <p>Aveiro & Viseu<\/p>\n            <span>Portugal<\/span>\n        <\/div>\n    <\/div>\n<\/div>\n\n<style>\n@import url('https:\/\/fonts.googleapis.com\/css2?family=Montserrat:wght@400;500;600;700;800&display=swap');\n\n:root {\n    --mv-pink: #DF228A;\n    --mv-dark: #212427;\n    --mv-light: #f8f9fa;\n    --mv-border: rgba(0,0,0,0.08);\n    --mv-transition: all 0.3s cubic-bezier(0.4, 0, 0.2, 1);\n}\n\n.mv7-contact-page {\n    font-family: 'Montserrat', sans-serif;\n    color: var(--mv-dark);\n    max-width: 1200px;\n    margin: 60px auto;\n    padding: 0 20px;\n}\n\n\/* Hero Section *\/\n.mv7-contact-hero {\n    text-align: center;\n    margin-bottom: 60px;\n}\n\n.mv7-tag {\n    background: rgba(223, 34, 138, 0.1);\n    color: var(--mv-pink);\n    padding: 6px 16px;\n    border-radius: 20px;\n    font-size: 12px;\n    font-weight: 800;\n    text-transform: uppercase;\n    display: inline-block;\n    margin-bottom: 15px;\n}\n\n.mv7-contact-hero h1 {\n    font-size: 42px;\n    font-weight: 800;\n    margin-bottom: 20px;\n    letter-spacing: -1px;\n}\n\n.mv7-contact-hero p {\n    font-size: 18px;\n    color: #666;\n    max-width: 700px;\n    margin: 0 auto;\n    line-height: 1.6;\n}\n\n\/* Wrapper para centrar o formul\u00e1rio *\/\n.mv7-form-wrapper {\n    max-width: 800px;\n    margin: 0 auto 100px;\n}\n\n\/* Headers de Sec\u00e7\u00e3o *\/\n.mv7-section-header {\n    margin-bottom: 40px;\n}\n\n.mv7-subtitle {\n    font-size: 11px;\n    font-weight: 800;\n    color: var(--mv-pink);\n    text-transform: uppercase;\n    letter-spacing: 2px;\n    display: block;\n    margin-bottom: 10px;\n}\n\n.mv7-section-header h2 {\n    font-size: 28px;\n    font-weight: 800;\n}\n\n.text-center { text-align: center; }\n\n\/* Formul\u00e1rio Premium *\/\n.mv7-form-section {\n    background: #fff;\n    padding: 50px;\n    border-radius: 32px;\n    box-shadow: 0 40px 80px rgba(0,0,0,0.06);\n    border: 1px solid var(--mv-border);\n}\n\n.mv7-premium-form {\n    display: flex;\n    flex-direction: column;\n    gap: 25px;\n}\n\n.mv7-form-row {\n    display: grid;\n    grid-template-columns: 1fr 1fr;\n    gap: 25px;\n}\n\n.mv7-form-group {\n    display: flex;\n    flex-direction: column;\n    gap: 10px;\n}\n\n.mv7-form-group label {\n    font-size: 13px;\n    font-weight: 700;\n    color: var(--mv-dark);\n}\n\n.mv7-form-group input, \n.mv7-form-group select, \n.mv7-form-group textarea {\n    padding: 16px 20px;\n    border-radius: 12px;\n    border: 1px solid var(--mv-border);\n    font-family: inherit;\n    font-size: 14px;\n    transition: var(--mv-transition);\n    background: var(--mv-light);\n}\n\n.mv7-form-group input:focus, \n.mv7-form-group select:focus, \n.mv7-form-group textarea:focus {\n    outline: none;\n    border-color: var(--mv-pink);\n    background: #fff;\n    box-shadow: 0 0 0 5px rgba(223, 34, 138, 0.06);\n}\n\n.mv7-submit-btn {\n    background: var(--mv-dark);\n    color: #fff;\n    padding: 18px;\n    border-radius: 12px;\n    border: none;\n    font-family: inherit;\n    font-weight: 800;\n    text-transform: uppercase;\n    letter-spacing: 1px;\n    cursor: pointer;\n    display: flex;\n    align-items: center;\n    justify-content: center;\n    gap: 12px;\n    transition: var(--mv-transition);\n    margin-top: 15px;\n}\n\n.mv7-submit-btn:hover {\n    background: var(--mv-pink);\n    transform: translateY(-3px);\n    box-shadow: 0 15px 30px rgba(223, 34, 138, 0.3);\n}\n\n.mv7-submit-btn svg {\n    transition: transform 0.3s ease;\n}\n\n.mv7-submit-btn:hover svg {\n    transform: translateX(6px) rotate(-15deg);\n}\n\n\/* Info Cards Section *\/\n.mv7-info-cards {\n    display: grid;\n    grid-template-columns: repeat(3, 1fr);\n    gap: 30px;\n}\n\n.mv7-info-card {\n    background: var(--mv-light);\n    padding: 40px 30px;\n    border-radius: 24px;\n    text-align: center;\n    transition: var(--mv-transition);\n    border: 1px solid transparent;\n}\n\n.mv7-info-card:hover {\n    background: #fff;\n    border-color: var(--mv-pink);\n    transform: translateY(-8px);\n    box-shadow: 0 25px 50px rgba(0,0,0,0.06);\n}\n\n.card-icon {\n    width: 64px;\n    height: 64px;\n    background: #fff;\n    border-radius: 18px;\n    display: flex;\n    align-items: center;\n    justify-content: center;\n    margin: 0 auto 25px;\n    color: var(--mv-pink);\n    box-shadow: 0 12px 24px rgba(0,0,0,0.06);\n}\n\n.card-icon svg { width: 30px; height: 30px; }\n\n.mv7-info-card h3 {\n    font-size: 19px;\n    font-weight: 800;\n    margin-bottom: 12px;\n}\n\n.mv7-info-card p {\n    font-size: 16px;\n    font-weight: 600;\n    margin-bottom: 6px;\n}\n\n.mv7-info-card span {\n    font-size: 12px;\n    color: #888;\n}\n\n\/* Responsive *\/\n@media (max-width: 991px) {\n    .mv7-info-cards {\n        grid-template-columns: 1fr;\n    }\n}\n\n@media (max-width: 767px) {\n    .mv7-form-section {\n        padding: 30px 20px;\n    }\n    .mv7-form-row {\n        grid-template-columns: 1fr;\n    }\n    .mv7-contact-hero h1 {\n        font-size: 32px;\n    }\n}\n<\/style>\t\t\t\t<\/div>\n\t\t\t\t\t<\/div>\n\t\t\t\t<\/div>\n\t\t\t\t<\/div>","protected":false},"excerpt":{"rendered":"<p>Home Estamos aqui para ajudar Entre em Contacto Connosco Tire as suas d\u00favidas sobre as nossas forma\u00e7\u00f5es ou solicite um or\u00e7amento personalizado para a sua empresa. COLOQUE AS SUAS QUEST\u00d5ES Contacte-nos agora Nome Completo Email Profissional Assunto Selecione uma op\u00e7\u00e3oInscri\u00e7\u00e3o &hellip; <\/p>","protected":false},"author":1,"featured_media":0,"parent":0,"menu_order":0,"comment_status":"closed","ping_status":"closed","template":"elementor_header_footer","meta":{"footnotes":""},"class_list":["post-87","page","type-page","status-publish","hentry"],"_links":{"self":[{"href":"https:\/\/metaveirotestes.site\/pt\/wp-json\/wp\/v2\/pages\/87","targetHints":{"allow":["GET"]}}],"collection":[{"href":"https:\/\/metaveirotestes.site\/pt\/wp-json\/wp\/v2\/pages"}],"about":[{"href":"https:\/\/metaveirotestes.site\/pt\/wp-json\/wp\/v2\/types\/page"}],"author":[{"embeddable":true,"href":"https:\/\/metaveirotestes.site\/pt\/wp-json\/wp\/v2\/users\/1"}],"replies":[{"embeddable":true,"href":"https:\/\/metaveirotestes.site\/pt\/wp-json\/wp\/v2\/comments?post=87"}],"version-history":[{"count":4,"href":"https:\/\/metaveirotestes.site\/pt\/wp-json\/wp\/v2\/pages\/87\/revisions"}],"predecessor-version":[{"id":23896,"href":"https:\/\/metaveirotestes.site\/pt\/wp-json\/wp\/v2\/pages\/87\/revisions\/23896"}],"wp:attachment":[{"href":"https:\/\/metaveirotestes.site\/pt\/wp-json\/wp\/v2\/media?parent=87"}],"curies":[{"name":"wp","href":"https:\/\/api.w.org\/{rel}","templated":true}]}}